{"id":29922,"date":"2021-01-05T16:14:44","date_gmt":"2021-01-05T15:14:44","guid":{"rendered":"https:\/\/cisteme.net\/news\/"},"modified":"2023-04-14T15:17:42","modified_gmt":"2023-04-14T13:17:42","slug":"news","status":"publish","type":"page","link":"https:\/\/cisteme.net\/en\/news\/","title":{"rendered":"News"},"content":{"rendered":"<p>[et_pb_section fb_built=&#8221;1&#8243; _builder_version=&#8221;4.5.1&#8243; _module_preset=&#8221;default&#8221; background_image=&#8221;https:\/\/cisteme.net\/wp-content\/uploads\/2020\/07\/header_qui_ommes_nous-scaled.jpg&#8221; custom_padding=&#8221;25px||0px||false|false&#8221; locked=&#8221;off&#8221; da_is_popup=&#8221;off&#8221; da_exit_intent=&#8221;off&#8221; da_has_close=&#8221;on&#8221; da_alt_close=&#8221;off&#8221; da_dark_close=&#8221;off&#8221; da_not_modal=&#8221;on&#8221; da_is_singular=&#8221;off&#8221; da_with_loader=&#8221;off&#8221; da_has_shadow=&#8221;on&#8221; da_disable_devices=&#8221;off|off|off&#8221;][et_pb_row _builder_version=&#8221;4.5.1&#8243; _module_preset=&#8221;default&#8221; width=&#8221;100%&#8221; max_width=&#8221;100%&#8221; custom_padding=&#8221;||||false|false&#8221;][et_pb_column type=&#8221;4_4&#8243; _builder_version=&#8221;4.5.1&#8243; _module_preset=&#8221;default&#8221;][et_pb_image src=&#8221;https:\/\/cisteme.net\/wp-content\/uploads\/2020\/07\/symbole.png&#8221; title_text=&#8221;symbole&#8221; _builder_version=&#8221;4.5.1&#8243; _module_preset=&#8221;default&#8221; max_width=&#8221;10%&#8221; max_width_tablet=&#8221;15%&#8221; max_width_phone=&#8221;25%&#8221; max_width_last_edited=&#8221;on|phone&#8221; module_alignment=&#8221;center&#8221; animation_style=&#8221;slide&#8221; animation_direction=&#8221;bottom&#8221;][\/et_pb_image][et_pb_text _builder_version=&#8221;4.5.1&#8243; _module_preset=&#8221;default&#8221; header_font=&#8221;Ubuntu|700|||||||&#8221; header_text_align=&#8221;center&#8221; header_text_color=&#8221;#ffffff&#8221; header_font_size=&#8221;40px&#8221; header_line_height=&#8221;1.3em&#8221; animation_style=&#8221;slide&#8221; animation_direction=&#8221;bottom&#8221; header_font_size_tablet=&#8221;36px&#8221; header_font_size_phone=&#8221;30px&#8221; header_font_size_last_edited=&#8221;on|desktop&#8221;]<\/p>\n<h1>News<\/h1>\n<p>[\/et_pb_text][et_pb_blurb image=&#8221;https:\/\/cisteme.net\/wp-content\/uploads\/2020\/07\/icons8-circled_play@2x.png&#8221; icon_placement=&#8221;left&#8221; module_class=&#8221;home-left-bouton&#8221; _builder_version=&#8221;4.5.7&#8243; _module_preset=&#8221;default&#8221; body_line_height=&#8221;1.2em&#8221; background_color=&#8221;#ffffff&#8221; positioning=&#8221;absolute&#8221; position_origin_a=&#8221;top_right&#8221; horizontal_offset=&#8221;-110px&#8221; custom_padding=&#8221;10px|10px|10px|10px|true|true&#8221; saved_tabs=&#8221;all&#8221; transform_styles__hover_enabled=&#8221;off|desktop&#8221; transform_scale__hover_enabled=&#8221;off|desktop&#8221; transform_translate__hover_enabled=&#8221;off|desktop&#8221; transform_rotate__hover_enabled=&#8221;off|desktop&#8221; transform_skew__hover_enabled=&#8221;off|desktop&#8221; transform_origin__hover_enabled=&#8221;off|desktop&#8221; transform_translate__hover=&#8221;0px|0px&#8221; horizontal_offset__hover_enabled=&#8221;on|hover&#8221; horizontal_offset__hover=&#8221;0px&#8221;]<\/p>\n<p>T\u00c9L\u00c9CHARGER<br \/>LA VID\u00c9O<\/p>\n<p>[\/et_pb_blurb][et_pb_blurb image=&#8221;https:\/\/cisteme.net\/wp-content\/uploads\/2020\/07\/plaquette-icons8-circled_play@2x.png&#8221; icon_placement=&#8221;left&#8221; disabled_on=&#8221;on|off|off&#8221; admin_label=&#8221;Download the brouchure&#8221; module_class=&#8221;home-left-bouton&#8221; _builder_version=&#8221;4.7.5&#8243; _dynamic_attributes=&#8221;link_option_url&#8221; _module_preset=&#8221;default&#8221; body_line_height=&#8221;1.2em&#8221; background_color=&#8221;#ffffff&#8221; transform_translate_linked=&#8221;off&#8221; positioning=&#8221;absolute&#8221; position_origin_a=&#8221;top_right&#8221; horizontal_offset=&#8221;-116px&#8221; vertical_offset_phone=&#8221;-80px&#8221; vertical_offset_last_edited=&#8221;off|desktop&#8221; custom_margin=&#8221;70px||70px||true|false&#8221; custom_padding=&#8221;10px|10px|10px|10px|true|true&#8221; link_option_url=&#8221;@ET-DC@eyJkeW5hbWljIjp0cnVlLCJjb250ZW50IjoicG9zdF9saW5rX3VybF9hdHRhY2htZW50Iiwic2V0dGluZ3MiOnsicG9zdF9pZCI6IjMxNjA2In19@&#8221; link_option_url_new_window=&#8221;on&#8221; saved_tabs=&#8221;all&#8221; transform_styles__hover_enabled=&#8221;off|desktop&#8221; transform_scale__hover_enabled=&#8221;off|desktop&#8221; transform_translate__hover_enabled=&#8221;off|desktop&#8221; transform_rotate__hover_enabled=&#8221;off|desktop&#8221; transform_skew__hover_enabled=&#8221;off|desktop&#8221; transform_origin__hover_enabled=&#8221;off|desktop&#8221; transform_translate__hover=&#8221;0px|0px&#8221; transform_scale__hover=&#8221;100%|100%&#8221; horizontal_offset__hover_enabled=&#8221;on|hover&#8221; horizontal_offset__hover=&#8221;0px&#8221; global_module=&#8221;31684&#8243;]<\/p>\n<p>DOWNLOAD<br \/>THE BROCHURE<\/p>\n<p>[\/et_pb_blurb][\/et_pb_column][\/et_pb_row][\/et_pb_section][et_pb_section fb_built=&#8221;1&#8243; _builder_version=&#8221;4.5.1&#8243; _module_preset=&#8221;default&#8221; background_image=&#8221;https:\/\/cisteme.net\/wp-content\/uploads\/2020\/07\/Home_IMAGE04-scaled.jpg&#8221; da_is_popup=&#8221;off&#8221; da_exit_intent=&#8221;off&#8221; da_has_close=&#8221;on&#8221; da_alt_close=&#8221;off&#8221; da_dark_close=&#8221;off&#8221; da_not_modal=&#8221;on&#8221; da_is_singular=&#8221;off&#8221; da_with_loader=&#8221;off&#8221; da_has_shadow=&#8221;on&#8221; da_disable_devices=&#8221;off|off|off&#8221;][et_pb_row _builder_version=&#8221;4.5.1&#8243; _module_preset=&#8221;default&#8221;][et_pb_column type=&#8221;4_4&#8243; _builder_version=&#8221;4.5.1&#8243; _module_preset=&#8221;default&#8221;][et_pb_blog fullwidth=&#8221;off&#8221; posts_number=&#8221;6&#8243; show_author=&#8221;off&#8221; show_categories=&#8221;off&#8221; masonry_tile_background_color=&#8221;#ffffff&#8221; _builder_version=&#8221;4.5.1&#8243; _module_preset=&#8221;default&#8221; body_font=&#8221;Ubuntu|300|||||||&#8221; body_text_color=&#8221;#04042e&#8221; meta_text_color=&#8221;#1ab4e9&#8243; custom_margin=&#8221;75px||25px||false|false&#8221; animation_style=&#8221;slide&#8221; animation_direction=&#8221;bottom&#8221; border_width_all=&#8221;0px&#8221; locked=&#8221;off&#8221; masonry_tile_background_color__hover_enabled=&#8221;off|desktop&#8221; masonry_tile_background_color__hover=&#8221;#cee9f7&#8243;][\/et_pb_blog][\/et_pb_column][\/et_pb_row][\/et_pb_section]<\/p>\n","protected":false},"excerpt":{"rendered":"<p>NewsT\u00c9L\u00c9CHARGERLA VID\u00c9ODOWNLOADTHE BROCHURE<\/p>\n","protected":false},"author":1,"featured_media":0,"parent":0,"menu_order":0,"comment_status":"closed","ping_status":"closed","template":"","meta":{"_acf_changed":false,"_et_pb_use_builder":"on","_et_pb_old_content":"","_et_gb_content_width":"","footnotes":""},"class_list":["post-29922","page","type-page","status-publish","hentry"],"acf":[],"yoast_head":"<!-- This site is optimized with the Yoast SEO plugin v24.0 - https:\/\/yoast.com\/wordpress\/plugins\/seo\/ -->\n<title>News - Cisteme<\/title>\n<meta name=\"robots\" content=\"index, follow, max-snippet:-1, max-image-preview:large, max-video-preview:-1\" \/>\n<link rel=\"canonical\" href=\"https:\/\/cisteme.net\/en\/news\/\" \/>\n<meta property=\"og:locale\" content=\"en_US\" \/>\n<meta property=\"og:type\" content=\"article\" \/>\n<meta property=\"og:title\" content=\"News - Cisteme\" \/>\n<meta property=\"og:description\" content=\"NewsT\u00c9L\u00c9CHARGERLA VID\u00c9ODOWNLOADTHE BROCHURE\" \/>\n<meta property=\"og:url\" content=\"https:\/\/cisteme.net\/en\/news\/\" \/>\n<meta property=\"og:site_name\" content=\"Cisteme\" \/>\n<meta property=\"article:modified_time\" content=\"2023-04-14T13:17:42+00:00\" \/>\n<meta name=\"twitter:card\" content=\"summary_large_image\" \/>\n<meta name=\"twitter:label1\" content=\"Est. reading time\" \/>\n\t<meta name=\"twitter:data1\" content=\"1 minute\" \/>\n<script type=\"application\/ld+json\" class=\"yoast-schema-graph\">{\"@context\":\"https:\/\/schema.org\",\"@graph\":[{\"@type\":\"WebPage\",\"@id\":\"https:\/\/cisteme.net\/en\/news\/\",\"url\":\"https:\/\/cisteme.net\/en\/news\/\",\"name\":\"News - Cisteme\",\"isPartOf\":{\"@id\":\"https:\/\/cisteme.net\/#website\"},\"datePublished\":\"2021-01-05T15:14:44+00:00\",\"dateModified\":\"2023-04-14T13:17:42+00:00\",\"breadcrumb\":{\"@id\":\"https:\/\/cisteme.net\/en\/news\/#breadcrumb\"},\"inLanguage\":\"en-US\",\"potentialAction\":[{\"@type\":\"ReadAction\",\"target\":[\"https:\/\/cisteme.net\/en\/news\/\"]}]},{\"@type\":\"BreadcrumbList\",\"@id\":\"https:\/\/cisteme.net\/en\/news\/#breadcrumb\",\"itemListElement\":[{\"@type\":\"ListItem\",\"position\":1,\"name\":\"Accueil\",\"item\":\"https:\/\/cisteme.net\/en\/\"},{\"@type\":\"ListItem\",\"position\":2,\"name\":\"News\"}]},{\"@type\":\"WebSite\",\"@id\":\"https:\/\/cisteme.net\/#website\",\"url\":\"https:\/\/cisteme.net\/\",\"name\":\"Cisteme\",\"description\":\"Centre Technologique Electronique et Hyperfr\u00e9quences\",\"potentialAction\":[{\"@type\":\"SearchAction\",\"target\":{\"@type\":\"EntryPoint\",\"urlTemplate\":\"https:\/\/cisteme.net\/?s={search_term_string}\"},\"query-input\":{\"@type\":\"PropertyValueSpecification\",\"valueRequired\":true,\"valueName\":\"search_term_string\"}}],\"inLanguage\":\"en-US\"}]}<\/script>\n<!-- \/ Yoast SEO plugin. -->","yoast_head_json":{"title":"News - Cisteme","robots":{"index":"index","follow":"follow","max-snippet":"max-snippet:-1","max-image-preview":"max-image-preview:large","max-video-preview":"max-video-preview:-1"},"canonical":"https:\/\/cisteme.net\/en\/news\/","og_locale":"en_US","og_type":"article","og_title":"News - Cisteme","og_description":"NewsT\u00c9L\u00c9CHARGERLA VID\u00c9ODOWNLOADTHE BROCHURE","og_url":"https:\/\/cisteme.net\/en\/news\/","og_site_name":"Cisteme","article_modified_time":"2023-04-14T13:17:42+00:00","twitter_card":"summary_large_image","twitter_misc":{"Est. reading time":"1 minute"},"schema":{"@context":"https:\/\/schema.org","@graph":[{"@type":"WebPage","@id":"https:\/\/cisteme.net\/en\/news\/","url":"https:\/\/cisteme.net\/en\/news\/","name":"News - Cisteme","isPartOf":{"@id":"https:\/\/cisteme.net\/#website"},"datePublished":"2021-01-05T15:14:44+00:00","dateModified":"2023-04-14T13:17:42+00:00","breadcrumb":{"@id":"https:\/\/cisteme.net\/en\/news\/#breadcrumb"},"inLanguage":"en-US","potentialAction":[{"@type":"ReadAction","target":["https:\/\/cisteme.net\/en\/news\/"]}]},{"@type":"BreadcrumbList","@id":"https:\/\/cisteme.net\/en\/news\/#breadcrumb","itemListElement":[{"@type":"ListItem","position":1,"name":"Accueil","item":"https:\/\/cisteme.net\/en\/"},{"@type":"ListItem","position":2,"name":"News"}]},{"@type":"WebSite","@id":"https:\/\/cisteme.net\/#website","url":"https:\/\/cisteme.net\/","name":"Cisteme","description":"Centre Technologique Electronique et Hyperfr\u00e9quences","potentialAction":[{"@type":"SearchAction","target":{"@type":"EntryPoint","urlTemplate":"https:\/\/cisteme.net\/?s={search_term_string}"},"query-input":{"@type":"PropertyValueSpecification","valueRequired":true,"valueName":"search_term_string"}}],"inLanguage":"en-US"}]}},"_links":{"self":[{"href":"https:\/\/cisteme.net\/en\/wp-json\/wp\/v2\/pages\/29922","targetHints":{"allow":["GET"]}}],"collection":[{"href":"https:\/\/cisteme.net\/en\/wp-json\/wp\/v2\/pages"}],"about":[{"href":"https:\/\/cisteme.net\/en\/wp-json\/wp\/v2\/types\/page"}],"author":[{"embeddable":true,"href":"https:\/\/cisteme.net\/en\/wp-json\/wp\/v2\/users\/1"}],"replies":[{"embeddable":true,"href":"https:\/\/cisteme.net\/en\/wp-json\/wp\/v2\/comments?post=29922"}],"version-history":[{"count":6,"href":"https:\/\/cisteme.net\/en\/wp-json\/wp\/v2\/pages\/29922\/revisions"}],"predecessor-version":[{"id":31695,"href":"https:\/\/cisteme.net\/en\/wp-json\/wp\/v2\/pages\/29922\/revisions\/31695"}],"wp:attachment":[{"href":"https:\/\/cisteme.net\/en\/wp-json\/wp\/v2\/media?parent=29922"}],"curies":[{"name":"wp","href":"https:\/\/api.w.org\/{rel}","templated":true}]}}